{"id":383,"date":"2021-02-14T22:37:38","date_gmt":"2021-02-14T21:37:38","guid":{"rendered":"http:\/\/www.sixi.local\/?page_id=383"},"modified":"2021-02-18T12:12:28","modified_gmt":"2021-02-18T11:12:28","slug":"nanocrm","status":"publish","type":"page","link":"https:\/\/www.sixi.it\/index.php\/prodotti\/nanocrm\/","title":{"rendered":"nanoCRM"},"content":{"rendered":"\n<h4 class=\"wp-block-heading\">Gestore comunicazioni con i clienti<\/h4>\n\n\n\n<p><\/p>\n\n\n\n<p><img decoding=\"async\" class=\"wp-image-400\" style=\"height: 96px; float: left; margin: 10px; margin-right: 35px;\" src=\"https:\/\/www.sixi.it\/wp-content\/uploads\/2021\/02\/handshake_gray_128.png\" alt=\"\"><b>nanoCRM<\/b> \u00e8 un software CRM (Customer Relationship Management) minimale, pensato per le esigenze di comunicazione con i clienti nell&#8217;ambito del settore retail. <br>Con questo applicativo web si possono gestire sia la raccolta dei dati di contatto del cliente, con relativa stampa di consenso alla comunicazione da fare firmare al cliente, che la gestione delle comunicazioni via email o SMS.<\/p>\n\n\n\n<p>Con nanoCRM, si possono creare gruppi di interesse a cui associare &#8220;campagne&#8221; di spedizione email o SMS. Ogni cliente pu\u00f2 essere associato ad uno o pi\u00f9 gruppi di interesse e quindi ogni campagna pu\u00f2 essere indirizzata ai soli clienti interessati. <\/p>\n\n\n\n<p>Oltre alle campagne di spedizione di massa, \u00e8 possibile spedire email o sms al singolo cliente: ad esempio se vogliamo avvisare il cliente che il prodotto ordinato \u00e8 arrivato in negozio.<\/p>\n\n\n\n<p>I tipi di messaggi che possiamo spedire sono due: email ed SMS. La comunicazione via email pu\u00f2 essere molto pi\u00f9 &#8220;ricca&#8221; di contenuti di quella via SMS a causa della struttura intrinseca dei messaggi SMS, ma a volte un SMS \u00e8 la soluzione pi\u00f9 efficace perch\u00e9 diretta ed immediata.<\/p>\n","protected":false},"excerpt":{"rendered":"<p>Gestore comunicazioni con i clienti nanoCRM \u00e8 un software CRM (Customer Relationship Management) minimale, pensato per le esigenze di comunicazione con i clienti nell&#8217;ambito del settore retail. Con questo applicativo web si possono gestire sia la raccolta dei dati di contatto del cliente, con relativa stampa di consenso alla comunicazione da fare firmare al cliente, [&hellip;]<\/p>\n","protected":false},"author":1,"featured_media":0,"parent":22,"menu_order":0,"comment_status":"closed","ping_status":"closed","template":"","meta":[],"_links":{"self":[{"href":"https:\/\/www.sixi.it\/index.php\/wp-json\/wp\/v2\/pages\/383"}],"collection":[{"href":"https:\/\/www.sixi.it\/index.php\/wp-json\/wp\/v2\/pages"}],"about":[{"href":"https:\/\/www.sixi.it\/index.php\/wp-json\/wp\/v2\/types\/page"}],"author":[{"embeddable":true,"href":"https:\/\/www.sixi.it\/index.php\/wp-json\/wp\/v2\/users\/1"}],"replies":[{"embeddable":true,"href":"https:\/\/www.sixi.it\/index.php\/wp-json\/wp\/v2\/comments?post=383"}],"version-history":[{"count":33,"href":"https:\/\/www.sixi.it\/index.php\/wp-json\/wp\/v2\/pages\/383\/revisions"}],"predecessor-version":[{"id":648,"href":"https:\/\/www.sixi.it\/index.php\/wp-json\/wp\/v2\/pages\/383\/revisions\/648"}],"up":[{"embeddable":true,"href":"https:\/\/www.sixi.it\/index.php\/wp-json\/wp\/v2\/pages\/22"}],"wp:attachment":[{"href":"https:\/\/www.sixi.it\/index.php\/wp-json\/wp\/v2\/media?parent=383"}],"curies":[{"name":"wp","href":"https:\/\/api.w.org\/{rel}","templated":true}]}}