{"id":255,"date":"2020-10-06T19:52:58","date_gmt":"2020-10-06T17:52:58","guid":{"rendered":"http:\/\/www.sixi.local\/?page_id=255"},"modified":"2021-02-18T12:00:53","modified_gmt":"2021-02-18T11:00:53","slug":"step-realizzativi","status":"publish","type":"page","link":"https:\/\/www.sixi.it\/index.php\/sviluppo-applicativo-custom\/step-realizzativi\/","title":{"rendered":"Step realizzativi"},"content":{"rendered":"\n<h4 class=\"wp-block-heading\">Tutte le fasi, dal contatto al post vendita<\/h4>\n\n\n\n<p><i class=\"fas fa-shoe-prints\" style=\"float: left; margin: 10px; margin-right: 40px; font-size: 4.0em; color: #385B88;\"><\/i>\nNormalmente, tutto inizia dalla consapevolezza del committente che un certo flusso di operazioni pu\u00f2 o meglio deve, essere reso pi\u00f9 efficiente; oppure che un certo manufatto, senza un adeguato software a corredo, non risulter\u00e0 competitivo rispetto a prodotti concorrenti.<\/p>\n\n\n\n<p>A questo punto ci incontreremo. Verremo noi da voi: prima di tutto per conoscerci personalmente, ma anche per conoscere il contesto di business ed il contesto applicativo in cui nasce la vostra esigenza.  Poi, sempre in questo primo incontro, cercheremo di capire le specifiche esigenze del cliente, ragionando in macro termini o di alto livello. <\/p>\n\n\n\n<p>Lo step successivo sar\u00e0 svolto da noi, nella nostra sede. Faremo un&#8217;analisi di massima delle esigenze da voi espresse ed ipotizzeremo la soluzione applicativa ottimale. Quindi ci confronteremo con voi, di persona o via telefono, sulla soluzione prospettata. Se la nostra idea vi convince, stileremo una offerta commerciale in cui descriveremo nei dettagli il comportamento dell&#8217;applicativo proposto, con tempi e costi di realizzazione.<\/p>\n\n\n\n<p>Se riterrete il progetto valido e l&#8217;offerta congrua, ci assegnerete la commessa. <\/p>\n\n\n\n<p>Come step successivo avremo quello dello sviluppo applicativo vero e proprio. Generalmente questa fase \u00e8 svolta completamente presso i nostri uffici ma cercheremo di tenere il committente (voi) il pi\u00f9 possibile aggiornato sui nostri progressi. Questo ci consentir\u00e0 di correggere eventuali misunderstanding prima possibile.<\/p>\n\n\n\n<p>Una volta completato lo sviluppo, assieme al committente si proceder\u00e0 al collaudo del sistema e quindi, a collaudo effettuato con successo, si effettuer\u00e0 la consegna del prodotto.<\/p>\n\n\n\n<p>Naturalmente, una volta consegnato l&#8217;applicativo, <strong>SIXI<\/strong> rimane sempre disponibile per continuare a seguire il prodotto. Assistenza tecnica post vendita, manutenzione evolutiva del prodotto, sono sempre disponibili per i nostri clienti.<\/p>\n","protected":false},"excerpt":{"rendered":"<p>Tutte le fasi, dal contatto al post vendita Normalmente, tutto inizia dalla consapevolezza del committente che un certo flusso di operazioni pu\u00f2 o meglio deve, essere reso pi\u00f9 efficiente; oppure che un certo manufatto, senza un adeguato software a corredo, non risulter\u00e0 competitivo rispetto a prodotti concorrenti. A questo punto ci incontreremo. Verremo noi da [&hellip;]<\/p>\n","protected":false},"author":1,"featured_media":0,"parent":216,"menu_order":0,"comment_status":"closed","ping_status":"closed","template":"","meta":[],"_links":{"self":[{"href":"https:\/\/www.sixi.it\/index.php\/wp-json\/wp\/v2\/pages\/255"}],"collection":[{"href":"https:\/\/www.sixi.it\/index.php\/wp-json\/wp\/v2\/pages"}],"about":[{"href":"https:\/\/www.sixi.it\/index.php\/wp-json\/wp\/v2\/types\/page"}],"author":[{"embeddable":true,"href":"https:\/\/www.sixi.it\/index.php\/wp-json\/wp\/v2\/users\/1"}],"replies":[{"embeddable":true,"href":"https:\/\/www.sixi.it\/index.php\/wp-json\/wp\/v2\/comments?post=255"}],"version-history":[{"count":42,"href":"https:\/\/www.sixi.it\/index.php\/wp-json\/wp\/v2\/pages\/255\/revisions"}],"predecessor-version":[{"id":641,"href":"https:\/\/www.sixi.it\/index.php\/wp-json\/wp\/v2\/pages\/255\/revisions\/641"}],"up":[{"embeddable":true,"href":"https:\/\/www.sixi.it\/index.php\/wp-json\/wp\/v2\/pages\/216"}],"wp:attachment":[{"href":"https:\/\/www.sixi.it\/index.php\/wp-json\/wp\/v2\/media?parent=255"}],"curies":[{"name":"wp","href":"https:\/\/api.w.org\/{rel}","templated":true}]}}