{"id":115,"date":"2020-08-04T15:28:51","date_gmt":"2020-08-04T13:28:51","guid":{"rendered":"http:\/\/www.sixi.local\/?page_id=115"},"modified":"2021-02-18T11:47:07","modified_gmt":"2021-02-18T10:47:07","slug":"home","status":"publish","type":"page","link":"https:\/\/www.sixi.it\/","title":{"rendered":""},"content":{"rendered":"\n<h4 class=\"wp-block-heading\">Applicativi studiati e realizzati su misura per la vostra azienda<\/h4>\n\n\n\n<p>\n<i class=\"fas fa-drafting-compass\" style=\"float: left; margin: 10px; margin-right: 40px; font-size: 4.5em; color: #385B88;\"><\/i>In un mondo sempre pi\u00f9 interconnesso e globalizzato, il mercato evolve rapidamente, offrendo nuove opportunit\u00e0 ma anche opponendo sfide sempre pi\u00f9 impegnative. Per questo siamo convinti che avere soluzioni applicative progettate ad-hoc per le proprie specificit\u00e0, con un feedback continuo tra sviluppatore e committente, generi un valore aggiunto veramente importante. <br><a href=\"\/index.php\/sviluppo-applicativo-custom\/\" style=\"text-decoration: none;\">Maggiori info &#8230;<\/a><\/p>\n\n\n\n<p> <\/p>\n\n\n\n<h4 class=\"wp-block-heading\">I nostri prodotti standard<\/h4>\n\n\n\n<p>\n<i class=\"fas fa-cubes\" style=\"float: left; margin: 10px; margin-right: 40px; font-size: 4.5em; color: #385B88;\"><\/i>Molto spesso, le features dei software commerciali sono largamente eccedenti le reali esigenze delle piccole imprese. Le conseguenze per quest\u2019ultime sono applicativi pi\u00f9 costosi e sopratutto pi\u00f9 complessi da gestire ed utilizzare. A fronte di questa constatazione, durante questi anni di ascolto delle esigenze dei nostri clienti, abbiamo sviluppato alcuni prodotti che riteniamo semplici ma molto efficaci.  <br><a href=\"\/index.php\/prodotti\/\" style=\"text-decoration: none;\">Maggiori info &#8230;<\/a><\/p>\n\n\n\n<p><\/p>\n\n\n\n<h4 class=\"wp-block-heading\">Servizi di gestione applicativa e consulenza informatica<\/h4>\n\n\n\n<p><i class=\"fas fa-cogs\" style=\"float: left; margin: 10px; margin-right: 40px; font-size: 4.5em; color: #385B88;\"><\/i>\n<b>SIXI<\/b> fornisce servizi di gestione applicativa e consulenza informatica tarati sulle esigenze delle piccole e medie imprese. Noi siamo in grado di fornire un valido supporto ai decisori aziendali nel momento in cui si renda necessario effettuare investimenti rilevanti o scelte importanti nel settore IT.  <br><a href=\"\/index.php\/servizi\/\" style=\"text-decoration: none;\">Maggiori info &#8230;<\/a><\/p>\n\n\n\n<p><\/p>\n","protected":false},"excerpt":{"rendered":"<p>Applicativi studiati e realizzati su misura per la vostra azienda In un mondo sempre pi\u00f9 interconnesso e globalizzato, il mercato evolve rapidamente, offrendo nuove opportunit\u00e0 ma anche opponendo sfide sempre pi\u00f9 impegnative. Per questo siamo convinti che avere soluzioni applicative progettate ad-hoc per le proprie specificit\u00e0, con un feedback continuo tra sviluppatore e committente, generi [&hellip;]<\/p>\n","protected":false},"author":1,"featured_media":0,"parent":0,"menu_order":0,"comment_status":"closed","ping_status":"closed","template":"","meta":[],"_links":{"self":[{"href":"https:\/\/www.sixi.it\/index.php\/wp-json\/wp\/v2\/pages\/115"}],"collection":[{"href":"https:\/\/www.sixi.it\/index.php\/wp-json\/wp\/v2\/pages"}],"about":[{"href":"https:\/\/www.sixi.it\/index.php\/wp-json\/wp\/v2\/types\/page"}],"author":[{"embeddable":true,"href":"https:\/\/www.sixi.it\/index.php\/wp-json\/wp\/v2\/users\/1"}],"replies":[{"embeddable":true,"href":"https:\/\/www.sixi.it\/index.php\/wp-json\/wp\/v2\/comments?post=115"}],"version-history":[{"count":32,"href":"https:\/\/www.sixi.it\/index.php\/wp-json\/wp\/v2\/pages\/115\/revisions"}],"predecessor-version":[{"id":654,"href":"https:\/\/www.sixi.it\/index.php\/wp-json\/wp\/v2\/pages\/115\/revisions\/654"}],"wp:attachment":[{"href":"https:\/\/www.sixi.it\/index.php\/wp-json\/wp\/v2\/media?parent=115"}],"curies":[{"name":"wp","href":"https:\/\/api.w.org\/{rel}","templated":true}]}}